{"id":355,"date":"2024-06-04T06:12:58","date_gmt":"2024-06-04T06:12:58","guid":{"rendered":"http:\/\/localhost\/wordpress\/kidscamp\/?page_id=355"},"modified":"2026-04-14T13:16:12","modified_gmt":"2026-04-14T11:16:12","slug":"kontakt","status":"publish","type":"page","link":"https:\/\/sportlife.org.pl\/index.php\/kontakt\/","title":{"rendered":"Kontakt"},"content":{"rendered":"\t\t<div data-elementor-type=\"wp-page\" data-elementor-id=\"355\" class=\"elementor elementor-355\">\n\t\t\t\t<div class=\"elementor-element elementor-element-6437d3f e-flex e-con-boxed e-con e-parent\" data-id=\"6437d3f\" data-element_type=\"container\" data-e-type=\"container\">\n\t\t\t\t\t<div class=\"e-con-inner\">\n\t\t\t\t<div class=\"elementor-element elementor-element-8923dd4 elementor-widget elementor-widget-kidscamp_contact_info\" data-id=\"8923dd4\" data-element_type=\"widget\" data-e-type=\"widget\" data-widget_type=\"kidscamp_contact_info.default\">\n\t\t\t\t<div class=\"elementor-widget-container\">\n\t\t\t\t\t    \r\n\r\n        \r\n    <!-- Contact Info -->\r\n\t<section class=\"contact-info\" style=\"padding: 0;\">\r\n\t\t<div class=\"auto-container\">\r\n\t\t\t<div class=\"row clearfix\">\r\n\t\t\t\t\t\t\t\t<!-- Info Block Two -->\r\n\t\t\t\t<div class=\"info-block_two col-lg-4 col-md-6 col-sm-12\">\r\n\t\t\t\t\t<div class=\"info-block_two-inner\">\r\n\t\t\t\t\t\t<div class=\"info-block_two-icon\">\r\n\t\t\t\t\t\t\t<i class=\"icon-phone\"><\/i>\r\n\t\t\t\t\t\t<\/div>\r\n\t\t\t\t\t\t<h4>Nr telefonu<\/h4>\r\n\t\t\t\t\t\t<a href=\"#\">530 122 146<\/a> <br>\r\n\t\t\t\t\t\t<a href=\"#\">530 122 146<\/a>\r\n\t\t\t\t\t<\/div>\r\n\t\t\t\t<\/div>\r\n\t\t\t\t\t\t\t\t<!-- Info Block Two -->\r\n\t\t\t\t<div class=\"info-block_two col-lg-4 col-md-6 col-sm-12\">\r\n\t\t\t\t\t<div class=\"info-block_two-inner\">\r\n\t\t\t\t\t\t<div class=\"info-block_two-icon\">\r\n\t\t\t\t\t\t\t<i class=\" icon-maps-and-flags\"><\/i>\r\n\t\t\t\t\t\t<\/div>\r\n\t\t\t\t\t\t<h4>Siedziba<\/h4>\r\n\t\t\t\t\t\t<a href=\"#\">ul. \u015arodkowa 36<\/a> <br>\r\n\t\t\t\t\t\t<a href=\"#\">96-300 \u017byrard\u00f3w<\/a>\r\n\t\t\t\t\t<\/div>\r\n\t\t\t\t<\/div>\r\n\t\t\t\t\t\t\t\t<!-- Info Block Two -->\r\n\t\t\t\t<div class=\"info-block_two col-lg-4 col-md-6 col-sm-12\">\r\n\t\t\t\t\t<div class=\"info-block_two-inner\">\r\n\t\t\t\t\t\t<div class=\"info-block_two-icon\">\r\n\t\t\t\t\t\t\t<i class=\" icon-mail\"><\/i>\r\n\t\t\t\t\t\t<\/div>\r\n\t\t\t\t\t\t<h4>Adres email<\/h4>\r\n\t\t\t\t\t\t<a href=\"#\">stowarzyszenie.sport.life@gmail.com<\/a> <br>\r\n\t\t\t\t\t\t<a href=\"#\">stowarzyszenie.sport.life@gmail.com<\/a>\r\n\t\t\t\t\t<\/div>\r\n\t\t\t\t<\/div>\r\n\t\t\t\t\t\t\t<\/div>\r\n\t\t<\/div>\r\n\t<\/section>\r\n\t<!-- End Faq One -->\r\n\r\n      \r\n    \t\t\t\t<\/div>\n\t\t\t\t<\/div>\n\t\t\t\t\t<\/div>\n\t\t\t\t<\/div>\n\t\t<div class=\"elementor-element elementor-element-356e59e e-flex e-con-boxed e-con e-parent\" data-id=\"356e59e\" data-element_type=\"container\" data-e-type=\"container\">\n\t\t\t\t\t<div class=\"e-con-inner\">\n\t\t\t\t<div class=\"elementor-element elementor-element-46dbf01 elementor-widget elementor-widget-kidscamp_form\" data-id=\"46dbf01\" data-element_type=\"widget\" data-e-type=\"widget\" data-widget_type=\"kidscamp_form.default\">\n\t\t\t\t<div class=\"elementor-widget-container\">\n\t\t\t\t\t    \r\n        \r\n      <!-- Contact Form -->\r\n\t<section class=\"contact-form-section\">\r\n\t\t<div class=\"auto-container\">\r\n\t\t\t<div class=\"row clearfix\">\r\n\t\t\t\t<!-- Column -->\r\n\t\t\t\t<div class=\"form-column col-lg-6 col-md-12 col-sm-12\">\r\n\t\t\t\t\t<div class=\"inner-column\">\r\n\t\t\t\t\t\t<h3>Napisz do nas ju\u017c teraz<\/h3>\r\n\t\t\t\t\t\t<div class=\"text\">Wymagane pola oznaczone *<\/div>\r\n\t\t\t\t\t\t<div class=\"default-form contact-form\">\r\n\t\t\t\t\t\t\t\n<div class=\"wpcf7 no-js\" id=\"wpcf7-f2186-o1\" lang=\"en-US\" dir=\"ltr\" data-wpcf7-id=\"2186\">\n<div class=\"screen-reader-response\"><p role=\"status\" aria-live=\"polite\" aria-atomic=\"true\"><\/p> <ul><\/ul><\/div>\n<form action=\"\/index.php\/wp-json\/wp\/v2\/pages\/355#wpcf7-f2186-o1\" method=\"post\" class=\"wpcf7-form init\" aria-label=\"Contact form\" novalidate=\"novalidate\" data-status=\"init\">\n<fieldset class=\"hidden-fields-container\"><input type=\"hidden\" name=\"_wpcf7\" value=\"2186\" \/><input type=\"hidden\" name=\"_wpcf7_version\" value=\"6.1.5\" \/><input type=\"hidden\" name=\"_wpcf7_locale\" value=\"en_US\" \/><input type=\"hidden\" name=\"_wpcf7_unit_tag\" value=\"wpcf7-f2186-o1\" \/><input type=\"hidden\" name=\"_wpcf7_container_post\" value=\"0\" \/><input type=\"hidden\" name=\"_wpcf7_posted_data_hash\" value=\"\" \/>\n<\/fieldset>\n<div class=\"row clearfix\"><!--Form Group-->\n\t<div class=\"form-group col-lg-6 col-md-6 col-sm-6\">\n\t\t<p><span class=\"wpcf7-form-control-wrap\" data-name=\"username\"><input size=\"40\" maxlength=\"400\" class=\"wpcf7-form-control wpcf7-text wpcf7-validates-as-required\" aria-required=\"true\" aria-invalid=\"false\" placeholder=\"Name\" value=\"\" type=\"text\" name=\"username\" \/><\/span>\n\t\t<\/p>\n\t<\/div><!--Form Group-->\n\t<div class=\"form-group col-lg-6 col-md-6 col-sm-6\">\n\t\t<p><span class=\"wpcf7-form-control-wrap\" data-name=\"email\"><input size=\"40\" maxlength=\"400\" class=\"wpcf7-form-control wpcf7-email wpcf7-validates-as-required wpcf7-text wpcf7-validates-as-email\" aria-required=\"true\" aria-invalid=\"false\" placeholder=\"Email\" value=\"\" type=\"email\" name=\"email\" \/><\/span>\n\t\t<\/p>\n\t<\/div>\n\t<div class=\"form-group col-lg-6 col-md-6 col-sm-6\">\n\t\t<p><span class=\"wpcf7-form-control-wrap\" data-name=\"phone\"><input size=\"40\" maxlength=\"400\" class=\"wpcf7-form-control wpcf7-text wpcf7-validates-as-required\" aria-required=\"true\" aria-invalid=\"false\" placeholder=\"Phone\" value=\"\" type=\"text\" name=\"phone\" \/><\/span>\n\t\t<\/p>\n\t<\/div><!--Form Group-->\n\t<div class=\"form-group col-lg-6 col-md-6 col-sm-6\">\n\t\t<p><span class=\"wpcf7-form-control-wrap\" data-name=\"country\"><select class=\"wpcf7-form-control wpcf7-select custom-select-box\" aria-invalid=\"false\" name=\"country\"><option value=\"Select service\">Select service<\/option><option value=\"Service 01\">Service 01<\/option><option value=\"Service 02\">Service 02<\/option><option value=\"Service 03\">Service 03<\/option><\/select><\/span>\n\t\t<\/p>\n\t<\/div>\n\t<div class=\"col-lg-12 col-md-12 col-sm-12 form-group\">\n\t\t<p><span class=\"wpcf7-form-control-wrap\" data-name=\"message\"><textarea cols=\"40\" rows=\"10\" maxlength=\"2000\" class=\"wpcf7-form-control wpcf7-textarea\" aria-invalid=\"false\" placeholder=\"Type comment here*\" name=\"message\"><\/textarea><\/span>\n\t\t<\/p>\n\t<\/div>\n\t<div class=\"form-group col-lg-12 col-md-12 col-sm-12\">\n\t\t<p><button type=\"button\" class=\"template-btn btn-style-one\"><span class=\"btn-wrap\"><span class=\"text-one\">Submit now <i class=\"flaticon-next-1\"><\/i><\/span><span class=\"text-two\">Submit now <i class=\"flaticon-next-1\"><\/i><\/span><\/span><\/button>\n\t\t<\/p>\n\t<\/div>\n<\/div><div class=\"wpcf7-response-output\" aria-hidden=\"true\"><\/div>\n<\/form>\n<\/div>\n\t\t\t\t\t\t<\/div>\r\n\t\t\t\t\t<\/div>\r\n\t\t\t\t<\/div>\r\n\t\t\t\t<!-- Column -->\r\n\t\t\t\t<div class=\"map-column col-lg-6 col-md-12 col-sm-12\">\r\n\t\t\t\t\t<div class=\"inner-column\">\r\n\t\t\t\t\t\t<div class=\"map-one_map\">\r\n\t\t\t\t\t\t\t<iframe id=\"gmap_canvas\" src=\"https:\/\/maps.google.com\/maps?q=J\u00f3zefa+Mireckiego+32B,+96-300+\u017byrard\u00f3w&amp;t=&amp;z=18&amp;ie=UTF8&amp;iwloc=&amp;output=embed\"><\/iframe>\r\n\t\t\t\t\t\t<\/div>\r\n\t\t\t\t\t<\/div>\r\n\t\t\t\t<\/div>\r\n\t\t\t<\/div>\r\n\t\t<\/div>\r\n\t<\/section>\r\n\t<!-- End Contact Form -->\r\n\r\n\t\t\r\n\t\t\t\t\t<\/div>\n\t\t\t\t<\/div>\n\t\t\t\t\t<\/div>\n\t\t\t\t<\/div>\n\t\t\t\t<\/div>\n\t\t","protected":false},"excerpt":{"rendered":"<p>Nr telefonu 530 122 146 530 122 146 Siedziba ul. \u015arodkowa 36 96-300 \u017byrard\u00f3w Adres email stowarzyszenie.sport.life@gmail.com stowarzyszenie.sport.life@gmail.com Napisz do nas ju\u017c teraz Wymagane pola oznaczone * Select serviceService 01Service 02Service 03 Submit now Submit now<\/p>\n","protected":false},"author":1,"featured_media":0,"parent":0,"menu_order":0,"comment_status":"closed","ping_status":"closed","template":"tpl-default-elementor.php","meta":{"_monsterinsights_skip_tracking":false,"_monsterinsights_sitenote_active":false,"_monsterinsights_sitenote_note":"","_monsterinsights_sitenote_category":0,"footnotes":""},"class_list":["post-355","page","type-page","status-publish","hentry"],"aioseo_notices":[],"_links":{"self":[{"href":"https:\/\/sportlife.org.pl\/index.php\/wp-json\/wp\/v2\/pages\/355","targetHints":{"allow":["GET"]}}],"collection":[{"href":"https:\/\/sportlife.org.pl\/index.php\/wp-json\/wp\/v2\/pages"}],"about":[{"href":"https:\/\/sportlife.org.pl\/index.php\/wp-json\/wp\/v2\/types\/page"}],"author":[{"embeddable":true,"href":"https:\/\/sportlife.org.pl\/index.php\/wp-json\/wp\/v2\/users\/1"}],"replies":[{"embeddable":true,"href":"https:\/\/sportlife.org.pl\/index.php\/wp-json\/wp\/v2\/comments?post=355"}],"version-history":[{"count":5,"href":"https:\/\/sportlife.org.pl\/index.php\/wp-json\/wp\/v2\/pages\/355\/revisions"}],"predecessor-version":[{"id":2733,"href":"https:\/\/sportlife.org.pl\/index.php\/wp-json\/wp\/v2\/pages\/355\/revisions\/2733"}],"wp:attachment":[{"href":"https:\/\/sportlife.org.pl\/index.php\/wp-json\/wp\/v2\/media?parent=355"}],"curies":[{"name":"wp","href":"https:\/\/api.w.org\/{rel}","templated":true}]}}